{"id":4226,"date":"2025-07-20T16:49:14","date_gmt":"2025-07-20T14:49:14","guid":{"rendered":"https:\/\/uubato.com\/?page_id=4226"},"modified":"2025-11-04T13:06:28","modified_gmt":"2025-11-04T12:06:28","slug":"imprint","status":"publish","type":"page","link":"https:\/\/uubato.com\/de\/imprint\/","title":{"rendered":"Impressum"},"content":{"rendered":"\t\t<div data-elementor-type=\"wp-page\" data-elementor-id=\"4226\" class=\"elementor elementor-4226\" data-elementor-post-type=\"page\">\n\t\t\t\t<div class=\"elementor-element elementor-element-6dd80a97 e-flex e-con-boxed animejs-disable e-con e-parent\" data-id=\"6dd80a97\" data-element_type=\"container\" data-e-type=\"container\">\n\t\t\t\t\t<div class=\"e-con-inner\">\n\t\t\t\t<div class=\"elementor-element elementor-element-5f150ef7 animejs-disable elementor-widget elementor-widget-text-editor\" data-id=\"5f150ef7\" data-element_type=\"widget\" data-e-type=\"widget\" data-widget_type=\"text-editor.default\">\n\t\t\t\t\t\t\t\t\t<div id=\"model-response-message-contentr_76f013d04df3e784\" class=\"markdown markdown-main-panel stronger enable-updated-hr-color\" dir=\"ltr\"><h1><b style=\"color: #101013; font-family: Graphik, 'IBM Plex Sans Arabic', serif; font-size: 1.5rem;\">Impressum<\/b><\/h1><p>Diese Seite wird betrieben von<\/p><p><strong>uubato UG (haftungsbeschr\u00e4nkt), Pappelallee 78\/79, 10437 Berlin<\/strong><br \/>Amtsgericht Charlottenburg: HRB 278619 B.<br \/>USt.-IdNr. DE ist verpflichtet<br \/>Gesch\u00e4ftsf\u00fchrer: Mirko Pawlak<\/p><p>Verantwortlich nach \u00a7 6 MdStV und Ansprechpartner f\u00fcr Presseanfragen:<\/p><p>Mirko Pawlak, Pappelallee 78\/79, 10437 Berlin<br \/>Info@uubato.com<\/p><p>Urheberrecht<br \/>Jedes Design dieser Seite, jeder Text, Grafik und alle Software Copyright \u00a9 uubato UG. Die Vervielf\u00e4ltigung oder Vervielf\u00e4ltigung (einschlie\u00dflich Drucken auf Papier) der gesamten Website oder Teile dieser Website ist nur zum Zwecke der Nutzung dieser Website als Einkaufs- und\/oder Informationsquelle gestattet. Eine andere Verwendung der Materialien oder Informationen auf dieser Website \u2013 einschlie\u00dflich Vervielf\u00e4ltigung, Umverteilung, Modifikation und Ver\u00f6ffentlichung zu allen anderen als den oben genannten Zwecken \u2013 ist verboten, es sei denn, Uubato hat ihm schriftlich zugestimmt.<\/p><p>Ausschluss<br \/>Trotz sorgf\u00e4ltiger \u00dcberpr\u00fcfung \u00fcbernehmen wir keine Haftung f\u00fcr den Inhalt externer Links. Bitte benachrichtigen Sie uns unter info@uubato.com, wenn Sie Inhalte dieser Website-Links zu widersprechen.<\/p><\/div>\t\t\t\t\t\t\t\t<\/div>\n\t\t\t\t\t<\/div>\n\t\t\t\t<\/div>\n\t\t\t\t<\/div>\n\t\t","protected":false},"excerpt":{"rendered":"<p>Impressum Diese Seite wird betrieben von uubato UG (haftungsbeschr\u00e4nkt), Pappelallee 78\/79, 10437 BerlinAmtsgericht Charlottenburg: HRB 278619 B.USt.-IdNr. DE ist verpflichtetGesch\u00e4ftsf\u00fchrer: Mirko Pawlak Verantwortlich nach \u00a7 6 MdStV und Ansprechpartner f\u00fcr [&hellip;]<\/p>\n","protected":false},"author":1,"featured_media":3493,"parent":0,"menu_order":0,"comment_status":"closed","ping_status":"closed","template":"","meta":{"_acf_changed":false,"_price":"","_stock":"","_tribe_ticket_header":"","_tribe_default_ticket_provider":"","_tribe_ticket_capacity":"0","_ticket_start_date":"","_ticket_end_date":"","_tribe_ticket_show_description":"","_tribe_ticket_show_not_going":false,"_tribe_ticket_use_global_stock":"","_tribe_ticket_global_stock_level":"","_global_stock_mode":"","_global_stock_cap":"","_tribe_rsvp_for_event":"","_tribe_ticket_going_count":"","_tribe_ticket_not_going_count":"","_tribe_tickets_list":"[]","_tribe_ticket_has_attendee_info_fields":false,"footnotes":""},"class_list":["post-4226","page","type-page","status-publish","has-post-thumbnail","hentry"],"acf":[],"yoast_head":"<!-- This site is optimized with the Yoast SEO plugin v26.5 - https:\/\/yoast.com\/wordpress\/plugins\/seo\/ -->\n<title>Impressum<\/title>\n<meta name=\"robots\" content=\"index, follow, max-snippet:-1, max-image-preview:large, max-video-preview:-1\" \/>\n<link rel=\"canonical\" href=\"https:\/\/uubato.com\/de\/imprint\/\" \/>\n<meta property=\"og:locale\" content=\"de_DE\" \/>\n<meta property=\"og:locale:alternate\" content=\"en_US\" \/>\n<meta property=\"og:type\" content=\"article\" \/>\n<meta property=\"og:title\" content=\"Impressum\" \/>\n<meta property=\"og:description\" content=\"Impressum Diese Seite wird betrieben von uubato UG (haftungsbeschr\u00e4nkt), Pappelallee 78\/79, 10437 BerlinAmtsgericht Charlottenburg: HRB 278619 B.USt.-IdNr. DE ist verpflichtetGesch\u00e4ftsf\u00fchrer: Mirko Pawlak Verantwortlich nach \u00a7 6 MdStV und Ansprechpartner f\u00fcr [&hellip;]\" \/>\n<meta property=\"og:url\" content=\"https:\/\/uubato.com\/de\/imprint\/\" \/>\n<meta property=\"og:site_name\" content=\"uubato\" \/>\n<meta property=\"article:modified_time\" content=\"2025-11-04T12:06:28+00:00\" \/>\n<meta property=\"og:image\" content=\"https:\/\/uubato.com\/wp-content\/uploads\/2025\/07\/fulllogo_transparent_nobuffer.png\" \/>\n\t<meta property=\"og:image:width\" content=\"1280\" \/>\n\t<meta property=\"og:image:height\" content=\"197\" \/>\n\t<meta property=\"og:image:type\" content=\"image\/png\" \/>\n<meta name=\"twitter:card\" content=\"summary_large_image\" \/>\n<meta name=\"twitter:label1\" content=\"Gesch\u00e4tzte Lesezeit\" \/>\n\t<meta name=\"twitter:data1\" content=\"1\u00a0Minute\" \/>\n<script type=\"application\/ld+json\" class=\"yoast-schema-graph\">{\"@context\":\"https:\/\/schema.org\",\"@graph\":[{\"@type\":\"WebPage\",\"@id\":\"https:\/\/uubato.com\/en\/imprint\/\",\"url\":\"https:\/\/uubato.com\/en\/imprint\/\",\"name\":\"Impressum\",\"isPartOf\":{\"@id\":\"https:\/\/uubato.com\/#website\"},\"primaryImageOfPage\":{\"@id\":\"https:\/\/uubato.com\/en\/imprint\/#primaryimage\"},\"image\":{\"@id\":\"https:\/\/uubato.com\/en\/imprint\/#primaryimage\"},\"thumbnailUrl\":\"https:\/\/uubato.com\/wp-content\/uploads\/2025\/07\/fulllogo_transparent_nobuffer.png\",\"datePublished\":\"2025-07-20T14:49:14+00:00\",\"dateModified\":\"2025-11-04T12:06:28+00:00\",\"breadcrumb\":{\"@id\":\"https:\/\/uubato.com\/en\/imprint\/#breadcrumb\"},\"inLanguage\":\"de-DE-formal\",\"potentialAction\":[{\"@type\":\"ReadAction\",\"target\":[\"https:\/\/uubato.com\/en\/imprint\/\"]}]},{\"@type\":\"ImageObject\",\"inLanguage\":\"de-DE-formal\",\"@id\":\"https:\/\/uubato.com\/en\/imprint\/#primaryimage\",\"url\":\"https:\/\/uubato.com\/wp-content\/uploads\/2025\/07\/fulllogo_transparent_nobuffer.png\",\"contentUrl\":\"https:\/\/uubato.com\/wp-content\/uploads\/2025\/07\/fulllogo_transparent_nobuffer.png\",\"width\":1280,\"height\":197},{\"@type\":\"BreadcrumbList\",\"@id\":\"https:\/\/uubato.com\/en\/imprint\/#breadcrumb\",\"itemListElement\":[{\"@type\":\"ListItem\",\"position\":1,\"name\":\"Home\",\"item\":\"https:\/\/uubato.com\/en\/\"},{\"@type\":\"ListItem\",\"position\":2,\"name\":\"Imprint\"}]},{\"@type\":\"WebSite\",\"@id\":\"https:\/\/uubato.com\/#website\",\"url\":\"https:\/\/uubato.com\/\",\"name\":\"Operaton Solutions | uubato\",\"description\":\"Open Source Process Orchestration\",\"publisher\":{\"@id\":\"https:\/\/uubato.com\/#organization\"},\"potentialAction\":[{\"@type\":\"SearchAction\",\"target\":{\"@type\":\"EntryPoint\",\"urlTemplate\":\"https:\/\/uubato.com\/?s={search_term_string}\"},\"query-input\":{\"@type\":\"PropertyValueSpecification\",\"valueRequired\":true,\"valueName\":\"search_term_string\"}}],\"inLanguage\":\"de-DE-formal\"},{\"@type\":\"Organization\",\"@id\":\"https:\/\/uubato.com\/#organization\",\"name\":\"uubato\",\"alternateName\":\"uubato UG (haftungsb.)\",\"url\":\"https:\/\/uubato.com\/\",\"logo\":{\"@type\":\"ImageObject\",\"inLanguage\":\"de-DE-formal\",\"@id\":\"https:\/\/uubato.com\/#\/schema\/logo\/image\/\",\"url\":\"https:\/\/uubato.com\/wp-content\/uploads\/2025\/07\/fulllogo_transparent_nobuffer.png\",\"contentUrl\":\"https:\/\/uubato.com\/wp-content\/uploads\/2025\/07\/fulllogo_transparent_nobuffer.png\",\"width\":1280,\"height\":197,\"caption\":\"uubato\"},\"image\":{\"@id\":\"https:\/\/uubato.com\/#\/schema\/logo\/image\/\"},\"sameAs\":[\"https:\/\/linkedin.com\/company\/uubato\"]}]}<\/script>\n<!-- \/ Yoast SEO plugin. -->","yoast_head_json":{"title":"Impressum","robots":{"index":"index","follow":"follow","max-snippet":"max-snippet:-1","max-image-preview":"max-image-preview:large","max-video-preview":"max-video-preview:-1"},"canonical":"https:\/\/uubato.com\/de\/imprint\/","og_locale":"de_DE","og_type":"article","og_title":"[:en]Imprint[:de]Impressum[:] - uubato","og_description":"Impressum Diese Seite wird betrieben von uubato UG (haftungsbeschr\u00e4nkt), Pappelallee 78\/79, 10437 BerlinAmtsgericht Charlottenburg: HRB 278619 B.USt.-IdNr. DE ist verpflichtetGesch\u00e4ftsf\u00fchrer: Mirko Pawlak Verantwortlich nach \u00a7 6 MdStV und Ansprechpartner f\u00fcr [&hellip;]","og_url":"https:\/\/uubato.com\/de\/imprint\/","og_site_name":"uubato","article_modified_time":"2025-11-04T12:06:28+00:00","og_image":[{"width":1280,"height":197,"url":"https:\/\/uubato.com\/wp-content\/uploads\/2025\/07\/fulllogo_transparent_nobuffer.png","type":"image\/png"}],"twitter_card":"summary_large_image","twitter_misc":{"Gesch\u00e4tzte Lesezeit":"1\u00a0Minute"},"schema":{"@context":"https:\/\/schema.org","@graph":[{"@type":"WebPage","@id":"https:\/\/uubato.com\/en\/imprint\/","url":"https:\/\/uubato.com\/en\/imprint\/","name":"Impressum","isPartOf":{"@id":"https:\/\/uubato.com\/#website"},"primaryImageOfPage":{"@id":"https:\/\/uubato.com\/en\/imprint\/#primaryimage"},"image":{"@id":"https:\/\/uubato.com\/en\/imprint\/#primaryimage"},"thumbnailUrl":"https:\/\/uubato.com\/wp-content\/uploads\/2025\/07\/fulllogo_transparent_nobuffer.png","datePublished":"2025-07-20T14:49:14+00:00","dateModified":"2025-11-04T12:06:28+00:00","breadcrumb":{"@id":"https:\/\/uubato.com\/en\/imprint\/#breadcrumb"},"inLanguage":"de-DE-formal","potentialAction":[{"@type":"ReadAction","target":["https:\/\/uubato.com\/en\/imprint\/"]}]},{"@type":"ImageObject","inLanguage":"de-DE-formal","@id":"https:\/\/uubato.com\/en\/imprint\/#primaryimage","url":"https:\/\/uubato.com\/wp-content\/uploads\/2025\/07\/fulllogo_transparent_nobuffer.png","contentUrl":"https:\/\/uubato.com\/wp-content\/uploads\/2025\/07\/fulllogo_transparent_nobuffer.png","width":1280,"height":197},{"@type":"BreadcrumbList","@id":"https:\/\/uubato.com\/en\/imprint\/#breadcrumb","itemListElement":[{"@type":"ListItem","position":1,"name":"Home","item":"https:\/\/uubato.com\/en\/"},{"@type":"ListItem","position":2,"name":"Imprint"}]},{"@type":"WebSite","@id":"https:\/\/uubato.com\/#website","url":"https:\/\/uubato.com\/","name":"Operaton Solutions | uubato","description":"Open Source Process Orchestration","publisher":{"@id":"https:\/\/uubato.com\/#organization"},"potentialAction":[{"@type":"SearchAction","target":{"@type":"EntryPoint","urlTemplate":"https:\/\/uubato.com\/?s={search_term_string}"},"query-input":{"@type":"PropertyValueSpecification","valueRequired":true,"valueName":"search_term_string"}}],"inLanguage":"de-DE-formal"},{"@type":"Organization","@id":"https:\/\/uubato.com\/#organization","name":"uubato","alternateName":"uubato UG (haftungsb.)","url":"https:\/\/uubato.com\/","logo":{"@type":"ImageObject","inLanguage":"de-DE-formal","@id":"https:\/\/uubato.com\/#\/schema\/logo\/image\/","url":"https:\/\/uubato.com\/wp-content\/uploads\/2025\/07\/fulllogo_transparent_nobuffer.png","contentUrl":"https:\/\/uubato.com\/wp-content\/uploads\/2025\/07\/fulllogo_transparent_nobuffer.png","width":1280,"height":197,"caption":"uubato"},"image":{"@id":"https:\/\/uubato.com\/#\/schema\/logo\/image\/"},"sameAs":["https:\/\/linkedin.com\/company\/uubato"]}]}},"_links":{"self":[{"href":"https:\/\/uubato.com\/de\/wp-json\/wp\/v2\/pages\/4226","targetHints":{"allow":["GET"]}}],"collection":[{"href":"https:\/\/uubato.com\/de\/wp-json\/wp\/v2\/pages"}],"about":[{"href":"https:\/\/uubato.com\/de\/wp-json\/wp\/v2\/types\/page"}],"author":[{"embeddable":true,"href":"https:\/\/uubato.com\/de\/wp-json\/wp\/v2\/users\/1"}],"replies":[{"embeddable":true,"href":"https:\/\/uubato.com\/de\/wp-json\/wp\/v2\/comments?post=4226"}],"version-history":[{"count":19,"href":"https:\/\/uubato.com\/de\/wp-json\/wp\/v2\/pages\/4226\/revisions"}],"predecessor-version":[{"id":6148,"href":"https:\/\/uubato.com\/de\/wp-json\/wp\/v2\/pages\/4226\/revisions\/6148"}],"wp:featuredmedia":[{"embeddable":true,"href":"https:\/\/uubato.com\/de\/wp-json\/wp\/v2\/media\/3493"}],"wp:attachment":[{"href":"https:\/\/uubato.com\/de\/wp-json\/wp\/v2\/media?parent=4226"}],"curies":[{"name":"wp","href":"https:\/\/api.w.org\/{rel}","templated":true}]}}