{"id":5071,"date":"2025-08-21T13:39:28","date_gmt":"2025-08-21T11:39:28","guid":{"rendered":"https:\/\/uubato.com\/?page_id=5071"},"modified":"2025-11-14T18:52:36","modified_gmt":"2025-11-14T17:52:36","slug":"workflow-engine","status":"publish","type":"page","link":"https:\/\/uubato.com\/de\/operaton\/workflow-engine\/","title":{"rendered":"Arbeitsstrommotor"},"content":{"rendered":"\t\t<div data-elementor-type=\"wp-page\" data-elementor-id=\"5071\" class=\"elementor elementor-5071\" data-elementor-post-type=\"page\">\n\t\t\t\t<div class=\"elementor-element elementor-element-c8a410c e-con-full e-flex animejs-disable e-con e-parent\" data-id=\"c8a410c\" data-element_type=\"container\" data-e-type=\"container\" data-settings=\"{&quot;background_background&quot;:&quot;classic&quot;}\">\n\t\t<div class=\"elementor-element elementor-element-bf8141d e-flex e-con-boxed animejs-disable e-con e-child\" data-id=\"bf8141d\" data-element_type=\"container\" data-e-type=\"container\">\n\t\t\t\t\t<div class=\"e-con-inner\">\n\t\t<div class=\"elementor-element elementor-element-e173478 e-con-full e-flex animejs-disable e-con e-child\" data-id=\"e173478\" data-element_type=\"container\" data-e-type=\"container\">\n\t\t\t\t<div class=\"elementor-element elementor-element-32e0586 sub-border animejs-disable elementor-widget elementor-widget-tg-heading\" data-id=\"32e0586\" data-element_type=\"widget\" data-e-type=\"widget\" data-widget_type=\"tg-heading.default\">\n\t\t\t\t<div class=\"elementor-widget-container\">\n\t\t\t\t\t        <p class=\"title tg-element-title mb-0 \">Operaton<\/p>\r\n    \t\t\t\t<\/div>\n\t\t\t\t<\/div>\n\t\t\t\t<div class=\"elementor-element elementor-element-1ab8c88 elementor-headline--style-highlight animejs-disable elementor-widget elementor-widget-animated-headline\" data-id=\"1ab8c88\" data-element_type=\"widget\" data-e-type=\"widget\" data-settings=\"{&quot;marker&quot;:&quot;double_underline&quot;,&quot;highlighted_text&quot;:&quot;Operaton&quot;,&quot;headline_style&quot;:&quot;highlight&quot;,&quot;loop&quot;:&quot;yes&quot;,&quot;highlight_animation_duration&quot;:1200,&quot;highlight_iteration_delay&quot;:8000}\" data-widget_type=\"animated-headline.default\">\n\t\t\t\t\t\t\t<h2 class=\"elementor-headline\">\n\t\t\t\t\t<span class=\"elementor-headline-plain-text elementor-headline-text-wrapper\">Workflow Engine powered by<\/span>\n\t\t\t\t<span class=\"elementor-headline-dynamic-wrapper elementor-headline-text-wrapper\">\n\t\t\t\t\t<span class=\"elementor-headline-dynamic-text elementor-headline-text-active\">Operaton<\/span>\n\t\t\t\t<\/span>\n\t\t\t\t<\/h2>\n\t\t\t\t\t\t<\/div>\n\t\t\t\t<div class=\"elementor-element elementor-element-6a1c2c4 dark:text-white text-dark text-opacity-70 animejs-disable elementor-widget elementor-widget-tg-heading\" data-id=\"6a1c2c4\" data-element_type=\"widget\" data-e-type=\"widget\" data-widget_type=\"tg-heading.default\">\n\t\t\t\t<div class=\"elementor-widget-container\">\n\t\t\t\t\t        <p class=\"title tg-element-title mb-0 \">Entwerfen, automatisieren und f\u00fchren Sie Workflows mit einer modernen, BPMN 2.0-kompatiblen Engine aus, die sowohl f\u00fcr Entwickler als auch f\u00fcr Unternehmen entwickelt wurde.<\/p>\r\n    \t\t\t\t<\/div>\n\t\t\t\t<\/div>\n\t\t\t\t<\/div>\n\t\t\t\t\t<\/div>\n\t\t\t\t<\/div>\n\t\t\t\t<\/div>\n\t\t<div class=\"elementor-element elementor-element-70bae13 e-flex e-con-boxed animejs-disable e-con e-parent\" data-id=\"70bae13\" data-element_type=\"container\" data-e-type=\"container\" data-settings=\"{&quot;background_background&quot;:&quot;classic&quot;}\">\n\t\t\t\t\t<div class=\"e-con-inner\">\n\t\t\t\t<div class=\"elementor-element elementor-element-be3b1bf animejs-disable elementor-widget elementor-widget-heading\" data-id=\"be3b1bf\" data-element_type=\"widget\" data-e-type=\"widget\" data-widget_type=\"heading.default\">\n\t\t\t\t\t<h2 class=\"elementor-heading-title elementor-size-default\">Normen<\/h2>\t\t\t\t<\/div>\n\t\t\t\t<div class=\"elementor-element elementor-element-b1a3a26 animejs-disable elementor-widget elementor-widget-text-editor\" data-id=\"b1a3a26\" data-element_type=\"widget\" data-e-type=\"widget\" data-widget_type=\"text-editor.default\">\n\t\t\t\t\t\t\t\t\t<ul><li data-start=\"444\" data-end=\"576\"><p data-start=\"446\" data-end=\"576\"><strong data-start=\"446\" data-end=\"470\">BPMN 2.0 Compliance:<\/strong> Modell-Workflows mit einer branchen&uuml;blichen Notation, die sowohl f&uuml;r Unternehmen als auch f&uuml;r IT leicht zu verstehen ist.<\/p><\/li><li data-start=\"577\" data-end=\"702\"><p data-start=\"579\" data-end=\"702\"><strong data-start=\"579\" data-end=\"606\">Nahtlose Zusammenarbeit:<\/strong> &Uuml;berbr&uuml;cken Sie die L&uuml;cke zwischen Business Analysten und Entwicklern, indem Sie die gleiche visuelle Sprache sprechen.<\/p><\/li><li data-start=\"703\" data-end=\"803\"><p data-start=\"705\" data-end=\"803\"><strong data-start=\"705\" data-end=\"722\">Zukunftssicher:<\/strong> Rely on a Standard weltweit f&uuml;r Prozessautomatisierung und Orchestrierung angenommen.<\/p><\/li><\/ul>\n\t\t\t\t\t\t\t\t<\/div>\n\t\t\t\t\t<\/div>\n\t\t\t\t<\/div>\n\t\t<div class=\"elementor-element elementor-element-56ac8a9 e-flex e-con-boxed animejs-disable e-con e-parent\" data-id=\"56ac8a9\" data-element_type=\"container\" data-e-type=\"container\" data-settings=\"{&quot;background_background&quot;:&quot;classic&quot;}\">\n\t\t\t\t\t<div class=\"e-con-inner\">\n\t\t\t\t<div class=\"elementor-element elementor-element-ada599a animejs-disable elementor-widget elementor-widget-heading\" data-id=\"ada599a\" data-element_type=\"widget\" data-e-type=\"widget\" data-widget_type=\"heading.default\">\n\t\t\t\t\t<h2 class=\"elementor-heading-title elementor-size-default\">Modern &amp; Developer-Friendly<\/h2>\t\t\t\t<\/div>\n\t\t\t\t<div class=\"elementor-element elementor-element-8a46550 animejs-disable elementor-widget elementor-widget-text-editor\" data-id=\"8a46550\" data-element_type=\"widget\" data-e-type=\"widget\" data-widget_type=\"text-editor.default\">\n\t\t\t\t\t\t\t\t\t<ul><li data-start=\"843\" data-end=\"950\"><p data-start=\"845\" data-end=\"950\"><strong data-start=\"845\" data-end=\"868\">Java 17 Gr&uuml;ndung:<\/strong> Baut auf einer robusten, modernen Laufzeit f&uuml;r hohe Leistung und langfristige Stabilit&auml;t.<\/p><\/li><li data-start=\"951\" data-end=\"1070\"><p data-start=\"953\" data-end=\"1070\"><strong data-start=\"953\" data-end=\"982\">Leicht und erweiterbar:<\/strong> Legen Sie den Motor in Ihre Anwendungen ein oder f&uuml;hren Sie ihn eigenst&auml;ndig &ndash; Flexibilit&auml;t durch Design.<\/p><\/li><li data-start=\"1071\" data-end=\"1174\"><p data-start=\"1073\" data-end=\"1174\"><strong data-start=\"1073\" data-end=\"1095\">Integrationsbereit:<\/strong> Verbinden Sie mit Datenbanken, Messaging-Systemen, APIs und Cloud-Services mit Leichtigkeit.<\/p><\/li><\/ul>\n\t\t\t\t\t\t\t\t<\/div>\n\t\t\t\t\t<\/div>\n\t\t\t\t<\/div>\n\t\t<div class=\"elementor-element elementor-element-cf5c140 e-flex e-con-boxed animejs-disable e-con e-parent\" data-id=\"cf5c140\" data-element_type=\"container\" data-e-type=\"container\" data-settings=\"{&quot;background_background&quot;:&quot;classic&quot;}\">\n\t\t\t\t\t<div class=\"e-con-inner\">\n\t\t\t\t<div class=\"elementor-element elementor-element-d976e36 animejs-disable elementor-widget elementor-widget-heading\" data-id=\"d976e36\" data-element_type=\"widget\" data-e-type=\"widget\" data-widget_type=\"heading.default\">\n\t\t\t\t\t<h2 class=\"elementor-heading-title elementor-size-default\">Freie und offene Quelle<\/h2>\t\t\t\t<\/div>\n\t\t\t\t<div class=\"elementor-element elementor-element-41bc486 animejs-disable elementor-widget elementor-widget-text-editor\" data-id=\"41bc486\" data-element_type=\"widget\" data-e-type=\"widget\" data-widget_type=\"text-editor.default\">\n\t\t\t\t\t\t\t\t\t<ul><li data-start=\"1207\" data-end=\"1311\"><p data-start=\"1209\" data-end=\"1311\"><strong data-start=\"1209\" data-end=\"1236\">F&uuml;r alle zug&auml;nglich:<\/strong> Keine Lizenzgeb&uuml;hren &ndash; erkunden, experimentieren und bauen ohne Einschr&auml;nkungen.<\/p><\/li><li data-start=\"1312\" data-end=\"1393\"><p data-start=\"1314\" data-end=\"1393\"><strong data-start=\"1314\" data-end=\"1342\">Transparente Entwicklung:<\/strong> &Ouml;ffnen Sie Codebase, offene Community und &ouml;ffnen Sie die Roadmap.<\/p><\/li><li data-start=\"1394\" data-end=\"1492\"><p data-start=\"1396\" data-end=\"1492\"><strong data-start=\"1396\" data-end=\"1428\">Gemeinschaftsinnovation:<\/strong> Nutzen Sie Beitr&auml;ge und Verbesserungen, die weltweit geteilt werden.<\/p><\/li><\/ul>\n\t\t\t\t\t\t\t\t<\/div>\n\t\t\t\t\t<\/div>\n\t\t\t\t<\/div>\n\t\t<div class=\"elementor-element elementor-element-fa9de21 e-flex e-con-boxed animejs-disable e-con e-parent\" data-id=\"fa9de21\" data-element_type=\"container\" data-e-type=\"container\" data-settings=\"{&quot;background_background&quot;:&quot;classic&quot;}\">\n\t\t\t\t\t<div class=\"e-con-inner\">\n\t\t\t\t<div class=\"elementor-element elementor-element-6e1eb1b animejs-disable elementor-widget elementor-widget-heading\" data-id=\"6e1eb1b\" data-element_type=\"widget\" data-e-type=\"widget\" data-widget_type=\"heading.default\">\n\t\t\t\t\t<h2 class=\"elementor-heading-title elementor-size-default\">Warum Operaton Engine w\u00e4hlen?<\/h2>\t\t\t\t<\/div>\n\t\t\t\t<div class=\"elementor-element elementor-element-66d935f animejs-disable elementor-widget elementor-widget-text-editor\" data-id=\"66d935f\" data-element_type=\"widget\" data-e-type=\"widget\" data-widget_type=\"text-editor.default\">\n\t\t\t\t\t\t\t\t\t<ul><li data-start=\"1534\" data-end=\"1623\"><p data-start=\"1536\" data-end=\"1623\"><strong data-start=\"1536\" data-end=\"1561\">Standards Compliance:<\/strong> Vollst&auml;ndige BPMN 2.0-Unterst&uuml;tzung sorgt f&uuml;r Interoperabilit&auml;t und Klarheit.<\/p><\/li><li data-start=\"1624\" data-end=\"1730\"><p data-start=\"1626\" data-end=\"1730\"><strong data-start=\"1626\" data-end=\"1650\">Moderne Architektur:<\/strong> Java 17 bietet Geschwindigkeit, Stabilit&auml;t und Kompatibilit&auml;t mit der neuesten Tooling.<\/p><\/li><li data-start=\"1731\" data-end=\"1837\"><p data-start=\"1733\" data-end=\"1837\"><strong data-start=\"1733\" data-end=\"1759\">Freiheit und Flexibilit&auml;t:<\/strong> Open Source Lizenzierung bedeutet, dass Sie in der Steuerung sind &ndash; passen und erweitern Sie nach Bedarf.<\/p><\/li><li data-start=\"1838\" data-end=\"1946\"><p data-start=\"1840\" data-end=\"1946\"><strong data-start=\"1840\" data-end=\"1863\">Trusted Foundation:<\/strong> Ein bew&auml;hrter Motor f&uuml;r die Steuerung, Automatisierung und Prozess-Orchestrierung.<\/p><\/li><\/ul>\n\t\t\t\t\t\t\t\t<\/div>\n\t\t\t\t\t<\/div>\n\t\t\t\t<\/div>\n\t\t<div class=\"elementor-element elementor-element-c95e286 dark:bg-gray-300 dark:bg-opacity-10 e-flex e-con-boxed animejs-disable e-con e-parent\" data-id=\"c95e286\" data-element_type=\"container\" data-e-type=\"container\" data-settings=\"{&quot;background_background&quot;:&quot;classic&quot;}\">\n\t\t\t\t\t<div class=\"e-con-inner\">\n\t\t<div class=\"elementor-element elementor-element-263074b e-con-full e-flex animejs-disable e-con e-child\" data-id=\"263074b\" data-element_type=\"container\" data-e-type=\"container\">\n\t\t\t\t<div class=\"elementor-element elementor-element-2f5c17e animejs-disable elementor-widget elementor-widget-tg-heading\" data-id=\"2f5c17e\" data-element_type=\"widget\" data-e-type=\"widget\" data-widget_type=\"tg-heading.default\">\n\t\t\t\t<div class=\"elementor-widget-container\">\n\t\t\t\t\t        <h2 class=\"title tg-element-title mb-0 \">Heute starten!<\/h2>\r\n    \t\t\t\t<\/div>\n\t\t\t\t<\/div>\n\t\t\t\t<\/div>\n\t\t\t\t<div class=\"elementor-element elementor-element-e5f3bcb elementor-widget__width-initial animejs-disable elementor-widget elementor-widget-text-editor\" data-id=\"e5f3bcb\" data-element_type=\"widget\" data-e-type=\"widget\" data-widget_type=\"text-editor.default\">\n\t\t\t\t\t\t\t\t\t<p>Bringen Sie Ihre Workflows mit Operaton zum Leben. Modellprozesse visuell, automatisieren mit Vertrauen und skalieren &uuml;ber Ihre Infrastruktur &ndash; alles mit einem freien und offenen Quell-Workflow-Engine.<\/p>\n\t\t\t\t\t\t\t\t<\/div>\n\t\t\t\t<div class=\"elementor-element elementor-element-8a20a76 elementor-widget__width-initial animejs-disable elementor-widget elementor-widget-text-editor\" data-id=\"8a20a76\" data-element_type=\"widget\" data-e-type=\"widget\" data-widget_type=\"text-editor.default\">\n\t\t\t\t\t\t\t\t\t<p>&#128073; <strong data-start=\"2377\" data-end=\"2397\">Entdecken Sie die Docs<\/strong> bei <a class=\"decorated-link cursor-pointer\" href=\"https:\/\/docs.operaton.org\" target=\"_blank\" rel=\"noopener\" data-start=\"2401\" data-end=\"2447\">docs.operaton.org<\/a><\/p><p><strong data-start=\"2453\" data-end=\"2471\">&#128073; Eine Demo anfordern<\/strong> und sehen Operatoon in Aktion. <a href=\"https:\/\/operaton-solutions.com\/contact\/\">Kontaktieren Sie uns<\/a>.<\/p>\n\t\t\t\t\t\t\t\t<\/div>\n\t\t\t\t\t<\/div>\n\t\t\t\t<\/div>\n\t\t<div class=\"elementor-element elementor-element-3e677691 e-flex e-con-boxed animejs-disable e-con e-parent\" data-id=\"3e677691\" data-element_type=\"container\" data-e-type=\"container\">\n\t\t\t\t\t<div class=\"e-con-inner\">\n\t\t<div class=\"elementor-element elementor-element-775d36fb e-con-full dark:bg-gray-300 dark:bg-opacity-10 e-flex animejs-disable e-con e-child\" data-id=\"775d36fb\" data-element_type=\"container\" data-e-type=\"container\" data-settings=\"{&quot;background_background&quot;:&quot;classic&quot;}\">\n\t\t<div class=\"elementor-element elementor-element-7f4a1a03 e-con-full e-flex animejs-disable e-con e-child\" data-id=\"7f4a1a03\" data-element_type=\"container\" data-e-type=\"container\">\n\t\t\t\t<div class=\"elementor-element elementor-element-465cc729 animejs-disable elementor-widget elementor-widget-tg-heading\" data-id=\"465cc729\" data-element_type=\"widget\" data-e-type=\"widget\" data-widget_type=\"tg-heading.default\">\n\t\t\t\t<div class=\"elementor-widget-container\">\n\t\t\t\t\t        <h2 class=\"title tg-element-title mb-0 \">Sind Sie bereit, Ihren Erfolg selbst zu orchestrieren?<\/h2>\r\n    \t\t\t\t<\/div>\n\t\t\t\t<\/div>\n\t\t\t\t<div class=\"elementor-element elementor-element-394aa29a elementor-widget__width-inherit animejs-disable elementor-widget elementor-widget-tg-btn\" data-id=\"394aa29a\" data-element_type=\"widget\" data-e-type=\"widget\" data-widget_type=\"tg-btn.default\">\n\t\t\t\t<div class=\"elementor-widget-container\">\n\t\t\t\t\t\r\n\r\n        \r\n                            <a href=\"https:\/\/uubato.com\/de\/contact\/\" target=\"_self\" rel=\"nofollow\" class=\"tg-btn btn btn-primary text-white\">\r\n                    Sprechen Sie mit einem Experten                                    <\/a>\r\n            \r\n        \r\n\t\t\t\t<\/div>\n\t\t\t\t<\/div>\n\t\t\t\t<div class=\"elementor-element elementor-element-5940394a animejs-disable elementor-widget elementor-widget-tg-dark-light-img\" data-id=\"5940394a\" data-element_type=\"widget\" data-e-type=\"widget\" data-widget_type=\"tg-dark-light-img.default\">\n\t\t\t\t<div class=\"elementor-widget-container\">\n\t\t\t\t\t\r\n        \r\n                                                <img decoding=\"async\" class=\"d-block dark:d-none\" src=\"http:\/\/operaton-solutions.com\/wp-content\/uploads\/2025\/07\/fulllogo_transparent_nobuffer.png\" loading=\"lazy\" alt=\"Image\">\r\n                                                    <img decoding=\"async\" class=\"d-none dark:d-block\" src=\"http:\/\/operaton-solutions.com\/wp-content\/uploads\/2024\/11\/fulllogo_transparent_nobuffer.png\" loading=\"lazy\" alt=\"Image Dark\">\r\n                            \r\n        \r\n\t\t\t\t<\/div>\n\t\t\t\t<\/div>\n\t\t<div class=\"elementor-element elementor-element-3ae75a43 e-grid e-con-full animejs-disable e-con e-child\" data-id=\"3ae75a43\" data-element_type=\"container\" data-e-type=\"container\">\n\t\t\t\t<\/div>\n\t\t\t\t<\/div>\n\t\t\t\t<\/div>\n\t\t\t\t\t<\/div>\n\t\t\t\t<\/div>\n\t\t\t\t<\/div>\n\t\t","protected":false},"excerpt":{"rendered":"<p>Operaton Workflow Engine powered by Operaton Entwerfen, automatisieren und f\u00fchren Sie Workflows mit einer modernen, BPMN 2.0-kompatiblen Engine aus, die sowohl f\u00fcr Entwickler als auch f\u00fcr Unternehmen entwickelt wurde. Normen [&hellip;]<\/p>\n","protected":false},"author":1,"featured_media":0,"parent":4008,"menu_order":0,"comment_status":"closed","ping_status":"closed","template":"","meta":{"_acf_changed":false,"_price":"","_stock":"","_tribe_ticket_header":"","_tribe_default_ticket_provider":"","_tribe_ticket_capacity":"0","_ticket_start_date":"","_ticket_end_date":"","_tribe_ticket_show_description":"","_tribe_ticket_show_not_going":false,"_tribe_ticket_use_global_stock":"","_tribe_ticket_global_stock_level":"","_global_stock_mode":"","_global_stock_cap":"","_tribe_rsvp_for_event":"","_tribe_ticket_going_count":"","_tribe_ticket_not_going_count":"","_tribe_tickets_list":"[]","_tribe_ticket_has_attendee_info_fields":false,"footnotes":""},"class_list":["post-5071","page","type-page","status-publish","hentry"],"acf":[],"yoast_head":"<!-- This site is optimized with the Yoast SEO plugin v26.5 - https:\/\/yoast.com\/wordpress\/plugins\/seo\/ -->\n<title>Arbeitsstrommotor<\/title>\n<meta name=\"robots\" content=\"index, follow, max-snippet:-1, max-image-preview:large, max-video-preview:-1\" \/>\n<link rel=\"canonical\" href=\"https:\/\/uubato.com\/de\/operaton\/workflow-engine\/\" \/>\n<meta property=\"og:locale\" content=\"de_DE\" \/>\n<meta property=\"og:locale:alternate\" content=\"en_US\" \/>\n<meta property=\"og:type\" content=\"article\" \/>\n<meta property=\"og:title\" content=\"Arbeitsstrommotor\" \/>\n<meta property=\"og:description\" content=\"Operaton Workflow Engine powered by Operaton Entwerfen, automatisieren und f\u00fchren Sie Workflows mit einer modernen, BPMN 2.0-kompatiblen Engine aus, die sowohl f\u00fcr Entwickler als auch f\u00fcr Unternehmen entwickelt wurde. Normen [&hellip;]\" \/>\n<meta property=\"og:url\" content=\"https:\/\/uubato.com\/de\/operaton\/workflow-engine\/\" \/>\n<meta property=\"og:site_name\" content=\"uubato\" \/>\n<meta property=\"article:modified_time\" content=\"2025-11-14T17:52:36+00:00\" \/>\n<meta property=\"og:image\" content=\"https:\/\/uubato.com\/wp-content\/uploads\/2025\/07\/fulllogo_transparent_nobuffer.png\" \/>\n<meta name=\"twitter:card\" content=\"summary_large_image\" \/>\n<meta name=\"twitter:label1\" content=\"Gesch\u00e4tzte Lesezeit\" \/>\n\t<meta name=\"twitter:data1\" content=\"1\u00a0Minute\" \/>\n<script type=\"application\/ld+json\" class=\"yoast-schema-graph\">{\"@context\":\"https:\/\/schema.org\",\"@graph\":[{\"@type\":\"WebPage\",\"@id\":\"https:\/\/uubato.com\/de\/operaton\/workflow-engine\/\",\"url\":\"https:\/\/uubato.com\/de\/operaton\/workflow-engine\/\",\"name\":\"Arbeitsstrommotor\",\"isPartOf\":{\"@id\":\"https:\/\/uubato.com\/#website\"},\"primaryImageOfPage\":{\"@id\":\"https:\/\/uubato.com\/de\/operaton\/workflow-engine\/#primaryimage\"},\"image\":{\"@id\":\"https:\/\/uubato.com\/de\/operaton\/workflow-engine\/#primaryimage\"},\"thumbnailUrl\":\"https:\/\/uubato.com\/wp-content\/uploads\/2025\/07\/fulllogo_transparent_nobuffer.png\",\"datePublished\":\"2025-08-21T11:39:28+00:00\",\"dateModified\":\"2025-11-14T17:52:36+00:00\",\"breadcrumb\":{\"@id\":\"https:\/\/uubato.com\/de\/operaton\/workflow-engine\/#breadcrumb\"},\"inLanguage\":\"de-DE-formal\",\"potentialAction\":[{\"@type\":\"ReadAction\",\"target\":[\"https:\/\/uubato.com\/de\/operaton\/workflow-engine\/\"]}]},{\"@type\":\"ImageObject\",\"inLanguage\":\"de-DE-formal\",\"@id\":\"https:\/\/uubato.com\/de\/operaton\/workflow-engine\/#primaryimage\",\"url\":\"https:\/\/uubato.com\/wp-content\/uploads\/2025\/07\/fulllogo_transparent_nobuffer.png\",\"contentUrl\":\"https:\/\/uubato.com\/wp-content\/uploads\/2025\/07\/fulllogo_transparent_nobuffer.png\"},{\"@type\":\"BreadcrumbList\",\"@id\":\"https:\/\/uubato.com\/de\/operaton\/workflow-engine\/#breadcrumb\",\"itemListElement\":[{\"@type\":\"ListItem\",\"position\":1,\"name\":\"Home\",\"item\":\"https:\/\/uubato.com\/en\/\"},{\"@type\":\"ListItem\",\"position\":2,\"name\":\"Operaton\",\"item\":\"https:\/\/uubato.com\/en\/operaton\/\"},{\"@type\":\"ListItem\",\"position\":3,\"name\":\"Arbeitsstrommotor\"}]},{\"@type\":\"WebSite\",\"@id\":\"https:\/\/uubato.com\/#website\",\"url\":\"https:\/\/uubato.com\/\",\"name\":\"Operaton Solutions | uubato\",\"description\":\"Open Source Process Orchestration\",\"publisher\":{\"@id\":\"https:\/\/uubato.com\/#organization\"},\"potentialAction\":[{\"@type\":\"SearchAction\",\"target\":{\"@type\":\"EntryPoint\",\"urlTemplate\":\"https:\/\/uubato.com\/?s={search_term_string}\"},\"query-input\":{\"@type\":\"PropertyValueSpecification\",\"valueRequired\":true,\"valueName\":\"search_term_string\"}}],\"inLanguage\":\"de-DE-formal\"},{\"@type\":\"Organization\",\"@id\":\"https:\/\/uubato.com\/#organization\",\"name\":\"uubato\",\"alternateName\":\"uubato UG (haftungsb.)\",\"url\":\"https:\/\/uubato.com\/\",\"logo\":{\"@type\":\"ImageObject\",\"inLanguage\":\"de-DE-formal\",\"@id\":\"https:\/\/uubato.com\/#\/schema\/logo\/image\/\",\"url\":\"https:\/\/uubato.com\/wp-content\/uploads\/2025\/07\/fulllogo_transparent_nobuffer.png\",\"contentUrl\":\"https:\/\/uubato.com\/wp-content\/uploads\/2025\/07\/fulllogo_transparent_nobuffer.png\",\"width\":1280,\"height\":197,\"caption\":\"uubato\"},\"image\":{\"@id\":\"https:\/\/uubato.com\/#\/schema\/logo\/image\/\"},\"sameAs\":[\"https:\/\/linkedin.com\/company\/uubato\"]}]}<\/script>\n<!-- \/ Yoast SEO plugin. -->","yoast_head_json":{"title":"Arbeitsstrommotor","robots":{"index":"index","follow":"follow","max-snippet":"max-snippet:-1","max-image-preview":"max-image-preview:large","max-video-preview":"max-video-preview:-1"},"canonical":"https:\/\/uubato.com\/de\/operaton\/workflow-engine\/","og_locale":"de_DE","og_type":"article","og_title":"[:en]Workflow engine[:de]Arbeitsstrommotor[:] - uubato","og_description":"Operaton Workflow Engine powered by Operaton Entwerfen, automatisieren und f\u00fchren Sie Workflows mit einer modernen, BPMN 2.0-kompatiblen Engine aus, die sowohl f\u00fcr Entwickler als auch f\u00fcr Unternehmen entwickelt wurde. Normen [&hellip;]","og_url":"https:\/\/uubato.com\/de\/operaton\/workflow-engine\/","og_site_name":"uubato","article_modified_time":"2025-11-14T17:52:36+00:00","og_image":[{"url":"https:\/\/uubato.com\/wp-content\/uploads\/2025\/07\/fulllogo_transparent_nobuffer.png","type":"","width":"","height":""}],"twitter_card":"summary_large_image","twitter_misc":{"Gesch\u00e4tzte Lesezeit":"1\u00a0Minute"},"schema":{"@context":"https:\/\/schema.org","@graph":[{"@type":"WebPage","@id":"https:\/\/uubato.com\/de\/operaton\/workflow-engine\/","url":"https:\/\/uubato.com\/de\/operaton\/workflow-engine\/","name":"Arbeitsstrommotor","isPartOf":{"@id":"https:\/\/uubato.com\/#website"},"primaryImageOfPage":{"@id":"https:\/\/uubato.com\/de\/operaton\/workflow-engine\/#primaryimage"},"image":{"@id":"https:\/\/uubato.com\/de\/operaton\/workflow-engine\/#primaryimage"},"thumbnailUrl":"https:\/\/uubato.com\/wp-content\/uploads\/2025\/07\/fulllogo_transparent_nobuffer.png","datePublished":"2025-08-21T11:39:28+00:00","dateModified":"2025-11-14T17:52:36+00:00","breadcrumb":{"@id":"https:\/\/uubato.com\/de\/operaton\/workflow-engine\/#breadcrumb"},"inLanguage":"de-DE-formal","potentialAction":[{"@type":"ReadAction","target":["https:\/\/uubato.com\/de\/operaton\/workflow-engine\/"]}]},{"@type":"ImageObject","inLanguage":"de-DE-formal","@id":"https:\/\/uubato.com\/de\/operaton\/workflow-engine\/#primaryimage","url":"https:\/\/uubato.com\/wp-content\/uploads\/2025\/07\/fulllogo_transparent_nobuffer.png","contentUrl":"https:\/\/uubato.com\/wp-content\/uploads\/2025\/07\/fulllogo_transparent_nobuffer.png"},{"@type":"BreadcrumbList","@id":"https:\/\/uubato.com\/de\/operaton\/workflow-engine\/#breadcrumb","itemListElement":[{"@type":"ListItem","position":1,"name":"Home","item":"https:\/\/uubato.com\/en\/"},{"@type":"ListItem","position":2,"name":"Operaton","item":"https:\/\/uubato.com\/en\/operaton\/"},{"@type":"ListItem","position":3,"name":"Arbeitsstrommotor"}]},{"@type":"WebSite","@id":"https:\/\/uubato.com\/#website","url":"https:\/\/uubato.com\/","name":"Operaton Solutions | uubato","description":"Open Source Process Orchestration","publisher":{"@id":"https:\/\/uubato.com\/#organization"},"potentialAction":[{"@type":"SearchAction","target":{"@type":"EntryPoint","urlTemplate":"https:\/\/uubato.com\/?s={search_term_string}"},"query-input":{"@type":"PropertyValueSpecification","valueRequired":true,"valueName":"search_term_string"}}],"inLanguage":"de-DE-formal"},{"@type":"Organization","@id":"https:\/\/uubato.com\/#organization","name":"uubato","alternateName":"uubato UG (haftungsb.)","url":"https:\/\/uubato.com\/","logo":{"@type":"ImageObject","inLanguage":"de-DE-formal","@id":"https:\/\/uubato.com\/#\/schema\/logo\/image\/","url":"https:\/\/uubato.com\/wp-content\/uploads\/2025\/07\/fulllogo_transparent_nobuffer.png","contentUrl":"https:\/\/uubato.com\/wp-content\/uploads\/2025\/07\/fulllogo_transparent_nobuffer.png","width":1280,"height":197,"caption":"uubato"},"image":{"@id":"https:\/\/uubato.com\/#\/schema\/logo\/image\/"},"sameAs":["https:\/\/linkedin.com\/company\/uubato"]}]}},"_links":{"self":[{"href":"https:\/\/uubato.com\/de\/wp-json\/wp\/v2\/pages\/5071","targetHints":{"allow":["GET"]}}],"collection":[{"href":"https:\/\/uubato.com\/de\/wp-json\/wp\/v2\/pages"}],"about":[{"href":"https:\/\/uubato.com\/de\/wp-json\/wp\/v2\/types\/page"}],"author":[{"embeddable":true,"href":"https:\/\/uubato.com\/de\/wp-json\/wp\/v2\/users\/1"}],"replies":[{"embeddable":true,"href":"https:\/\/uubato.com\/de\/wp-json\/wp\/v2\/comments?post=5071"}],"version-history":[{"count":27,"href":"https:\/\/uubato.com\/de\/wp-json\/wp\/v2\/pages\/5071\/revisions"}],"predecessor-version":[{"id":6227,"href":"https:\/\/uubato.com\/de\/wp-json\/wp\/v2\/pages\/5071\/revisions\/6227"}],"up":[{"embeddable":true,"href":"https:\/\/uubato.com\/de\/wp-json\/wp\/v2\/pages\/4008"}],"wp:attachment":[{"href":"https:\/\/uubato.com\/de\/wp-json\/wp\/v2\/media?parent=5071"}],"curies":[{"name":"wp","href":"https:\/\/api.w.org\/{rel}","templated":true}]}}